{"id":161,"date":"2020-03-23T00:22:26","date_gmt":"2020-03-22T23:22:26","guid":{"rendered":"http:\/\/coach-sami.com\/?page_id=161"},"modified":"2020-03-23T01:03:39","modified_gmt":"2020-03-23T00:03:39","slug":"page-en-cours-de-realisation","status":"publish","type":"page","link":"http:\/\/coach-sami.com\/index.php\/page-en-cours-de-realisation\/","title":{"rendered":"Page en cours de r\u00e9alisation"},"content":{"rendered":"<p>  <a href=\"#\">   <\/a> <\/p>\n<ul id=\"m-170f8a430c2\" data-iid=\"8\" style=\"z-index: 12;\">\n<li data-id=\"1\"> <a href=\"http:\/\/coach-sami.com\/index.php\/accueil\/\"> <span>Accueil<\/span><\/a> <\/li>\n<li data-id=\"2\"> <a href=\"http:\/\/coach-sami.com\/index.php\/primaire\/\"> <span>Primaire<\/span><\/a> <\/li>\n<li data-id=\"3\"> <a href=\"http:\/\/coach-sami.com\/index.php\/college\/\"> <span>Coll\u00e8ge<\/span><\/a> <\/li>\n<li data-id=\"4\"> <a href=\"http:\/\/page-en-cours-de-realisation\"> <span>Lyc\u00e9e<\/span><\/a> <\/li>\n<li data-id=\"7\"> <a href=\"http:\/\/coach-sami.com\/index.php\/adultes\/\"> <span>Adultes<\/span><\/a> <\/li>\n<\/ul>\n<p style=\"text-align: center;\"><strong>Bient\u00f4t disponible!<\/strong><\/p>\n<p><span><img loading=\"lazy\" decoding=\"async\" alt=\"\" data-id=\"164\" width=\"626\" height=\"417\" title=\"table-bureau-superieure-bloc-notes-ordinateur-tasse-cafe-souris-ordinateur-photo-cadre-vue-dessus-espace-copie_1627-413\" src=\"\/\/coach-sami.com\/wp-content\/uploads\/2020\/03\/table-bureau-superieure-bloc-notes-ordinateur-tasse-cafe-souris-ordinateur-photo-cadre-vue-dessus-espace-copie_1627-413.jpg\" style=\"\"><\/span><\/p>\n<span class=\"tve-leads-two-step-trigger tl-2step-trigger-0\"><\/span><span class=\"tve-leads-two-step-trigger tl-2step-trigger-0\"><\/span>","protected":false},"excerpt":{"rendered":"<p>Accueil Primaire Coll\u00e8ge Lyc\u00e9e Adultes Bient\u00f4t disponible!<\/p>\n","protected":false},"author":1,"featured_media":0,"parent":0,"menu_order":0,"comment_status":"closed","ping_status":"closed","template":"","meta":{"footnotes":""},"class_list":["post-161","page","type-page","status-publish","hentry"],"_links":{"self":[{"href":"http:\/\/coach-sami.com\/index.php\/wp-json\/wp\/v2\/pages\/161","targetHints":{"allow":["GET"]}}],"collection":[{"href":"http:\/\/coach-sami.com\/index.php\/wp-json\/wp\/v2\/pages"}],"about":[{"href":"http:\/\/coach-sami.com\/index.php\/wp-json\/wp\/v2\/types\/page"}],"author":[{"embeddable":true,"href":"http:\/\/coach-sami.com\/index.php\/wp-json\/wp\/v2\/users\/1"}],"replies":[{"embeddable":true,"href":"http:\/\/coach-sami.com\/index.php\/wp-json\/wp\/v2\/comments?post=161"}],"version-history":[{"count":4,"href":"http:\/\/coach-sami.com\/index.php\/wp-json\/wp\/v2\/pages\/161\/revisions"}],"predecessor-version":[{"id":180,"href":"http:\/\/coach-sami.com\/index.php\/wp-json\/wp\/v2\/pages\/161\/revisions\/180"}],"wp:attachment":[{"href":"http:\/\/coach-sami.com\/index.php\/wp-json\/wp\/v2\/media?parent=161"}],"curies":[{"name":"wp","href":"https:\/\/api.w.org\/{rel}","templated":true}]}}